{"id":321,"date":"2017-10-05T14:38:23","date_gmt":"2017-10-05T14:38:23","guid":{"rendered":"https:\/\/isolbit.it\/web\/?page_id=321"},"modified":"2026-04-23T11:36:52","modified_gmt":"2026-04-23T11:36:52","slug":"certificazioni","status":"publish","type":"page","link":"https:\/\/isolbit.it\/web\/certificazioni\/","title":{"rendered":"Certificazioni"},"content":{"rendered":"<div class=\"fusion-fullwidth fullwidth-box fusion-builder-row-1 nonhundred-percent-fullwidth non-hundred-percent-height-scrolling\" style=\"background-color: rgba(255,255,255,0);background-position: left top;background-repeat: no-repeat;padding-top:0px;padding-right:0px;padding-bottom:20px;padding-left:0px;margin-bottom: 0px;margin-top: 0px;border-width: 0px 0px 0px 0px;border-color:#eae9e9;border-style:solid;\" ><div class=\"fusion-builder-row fusion-row\"><div class=\"fusion-layout-column fusion_builder_column fusion-builder-column-0 fusion_builder_column_1_1 1_1 fusion-one-full fusion-column-first fusion-column-last fusion-column-no-min-height\" style=\"margin-top:0px;margin-bottom:0px;\"><div class=\"fusion-column-wrapper fusion-flex-column-wrapper-legacy\" style=\"background-position:left top;background-repeat:no-repeat;-webkit-background-size:cover;-moz-background-size:cover;-o-background-size:cover;background-size:cover;padding: 0px 0px 0px 0px;\"><div class=\"fusion-text fusion-text-1\" style=\"transform:translate3d(0,0,0);\"><p><strong>L\u2019azienda Isolbit \u00e8 certificata UNI EN ISO 9001:2015 e &#8220;Plastica seconda vita&#8221;<\/strong><\/p>\n<\/div><div class=\"fusion-sep-clear\"><\/div><div class=\"fusion-separator fusion-full-width-sep\" style=\"margin-left: auto;margin-right: auto;margin-top:70px;width:100%;\"><\/div><div class=\"fusion-sep-clear\"><\/div><div class=\"fusion-clearfix\"><\/div><\/div><\/div><div class=\"fusion-layout-column fusion_builder_column fusion-builder-column-1 fusion_builder_column_1_2 1_2 fusion-one-half fusion-column-first\" style=\"width:48%; margin-right: 4%;margin-top:0px;margin-bottom:20px;\"><div class=\"fusion-column-wrapper fusion-flex-column-wrapper-legacy\" style=\"background-position:left top;background-repeat:no-repeat;-webkit-background-size:cover;-moz-background-size:cover;-o-background-size:cover;background-size:cover;padding: 0px 0px 0px 0px;\"><div class=\"fusion-text fusion-text-2\" style=\"transform:translate3d(0,0,0);\"><p><strong>ISO 9001<\/strong><\/p>\n<p>La ISO 9001:2015 \u00e8 una norma internazionale che certifica che l&#8217;azienda ha implementato un sistema di gestione della Qualit\u00e0.<br \/>\nCertificarsi ISO 9001 significa tendere alla massima soddisfazione dei clienti, ottimizzare i propri processi produttivi, organizzare la propria azienda per rispondere al meglio alle aspettative e ai requisiti dei propri clienti, facendo prendere coscienza all&#8217;intera struttura organizzativa che <strong>lavorare in un&#8217;ottica di miglioramento continuo non pu\u00f2 che arrecare vantaggi per i clienti e quindi per tutta l&#8217;azienda<\/strong>.<\/p>\n<\/div><div class=\"fusion-clearfix\"><\/div><\/div><\/div><div class=\"fusion-layout-column fusion_builder_column fusion-builder-column-2 fusion_builder_column_1_2 1_2 fusion-one-half fusion-column-last\" style=\"width:48%;margin-top:0px;margin-bottom:20px;\"><div class=\"fusion-column-wrapper fusion-flex-column-wrapper-legacy\" style=\"background-position:left top;background-repeat:no-repeat;-webkit-background-size:cover;-moz-background-size:cover;-o-background-size:cover;background-size:cover;padding: 0px 0px 0px 0px;\"><div class=\"fusion-text fusion-text-3\" style=\"transform:translate3d(0,0,0);\"><p><strong>Plastica seconda vita &#8220;da raccolta differenziata&#8221;<\/strong><\/p>\n<p>La certificazione Plastica Seconda Vita (PSV) da raccolta differenziata \u00e8 uno schema che attesta che <strong>l\u2019azienda utilizza materiali provenienti da riciclo di rifiuti post-consumo per la produzione di materie prime seconde.<\/strong><br data-start=\"220\" data-end=\"223\" \/>Certificarsi Plastica Seconda Vita significa garantire la tracciabilit\u00e0 dei materiali riciclati, valorizzare i rifiuti provenienti dalla raccolta differenziata, assicurare la conformit\u00e0 ai requisiti della norma EN 15343:2007 e promuovere un modello produttivo orientato alla sostenibilit\u00e0, contribuendo alla riduzione dell\u2019impatto ambientale e allo sviluppo dell\u2019economia circolare.<\/p>\n<\/div><div class=\"fusion-clearfix\"><\/div><\/div><\/div><div class=\"fusion-layout-column fusion_builder_column fusion-builder-column-3 fusion_builder_column_1_2 1_2 fusion-one-half fusion-column-first\" style=\"width:48%; margin-right: 4%;margin-top:0px;margin-bottom:20px;\"><div class=\"fusion-column-wrapper fusion-flex-column-wrapper-legacy\" style=\"background-position:left top;background-repeat:no-repeat;-webkit-background-size:cover;-moz-background-size:cover;-o-background-size:cover;background-size:cover;padding: 0px 0px 0px 0px;\"><span class=\" fusion-imageframe imageframe-none imageframe-1 hover-type-none\" style=\"margin-right:40px;margin-bottom:20px;\"><img decoding=\"async\" width=\"133\" height=\"150\" title=\"cqy iso 9001\" src=\"https:\/\/isolbit.it\/web\/wp-content\/uploads\/2026\/04\/cqy-iso-9001.png\" class=\"img-responsive wp-image-957\"\/><\/span><div class=\"fusion-button-wrapper\"><style type=\"text\/css\">.fusion-button.button-1 {border-radius:0px;}<\/style><a class=\"fusion-button button-flat fusion-button-default-size button-default button-1 fusion-button-default-span fusion-button-default-type\" target=\"_blank\" rel=\"noopener noreferrer\" href=\"https:\/\/isolbit.it\/web\/wp-content\/uploads\/2026\/04\/ISO_9001_61471_271123.pdf\" style=\"margin-bottom:30px;\"><i class=\"fa-file-pdf fas button-icon-left\" aria-hidden=\"true\"><\/i><span class=\"fusion-button-text\">Scarica la certificazione<\/span><\/a><\/div><div class=\"fusion-clearfix\"><\/div><\/div><\/div><div class=\"fusion-layout-column fusion_builder_column fusion-builder-column-4 fusion_builder_column_1_2 1_2 fusion-one-half fusion-column-last\" style=\"width:48%;margin-top:0px;margin-bottom:20px;\"><div class=\"fusion-column-wrapper fusion-flex-column-wrapper-legacy\" style=\"background-position:left top;background-repeat:no-repeat;-webkit-background-size:cover;-moz-background-size:cover;-o-background-size:cover;background-size:cover;padding: 0px 0px 0px 0px;\"><span class=\" fusion-imageframe imageframe-none imageframe-2 hover-type-none\" style=\"margin-right:40px;margin-bottom:20px;\"><img decoding=\"async\" width=\"142\" height=\"150\" title=\"logo ippr certificazioni\" src=\"https:\/\/isolbit.it\/web\/wp-content\/uploads\/2026\/04\/logo-ippr-certificazioni.png\" class=\"img-responsive wp-image-984\"\/><\/span><div class=\"fusion-button-wrapper\"><style type=\"text\/css\">.fusion-button.button-2 {border-radius:0px;}<\/style><a class=\"fusion-button button-flat fusion-button-default-size button-default button-2 fusion-button-default-span fusion-button-default-type\" target=\"_blank\" rel=\"noopener noreferrer\" href=\"https:\/\/isolbit.it\/web\/wp-content\/uploads\/2026\/04\/Certificazione-plastica-seconda-vita.pdf\"><i class=\"fa-file-pdf fas button-icon-left\" aria-hidden=\"true\"><\/i><span class=\"fusion-button-text\">Scarica la certificazione<\/span><\/a><\/div><div class=\"fusion-clearfix\"><\/div><\/div><\/div><\/div><\/div>\n","protected":false},"excerpt":{"rendered":"","protected":false},"author":1,"featured_media":55,"parent":0,"menu_order":0,"comment_status":"open","ping_status":"closed","template":"","meta":{"footnotes":""},"_links":{"self":[{"href":"https:\/\/isolbit.it\/web\/wp-json\/wp\/v2\/pages\/321"}],"collection":[{"href":"https:\/\/isolbit.it\/web\/wp-json\/wp\/v2\/pages"}],"about":[{"href":"https:\/\/isolbit.it\/web\/wp-json\/wp\/v2\/types\/page"}],"author":[{"embeddable":true,"href":"https:\/\/isolbit.it\/web\/wp-json\/wp\/v2\/users\/1"}],"replies":[{"embeddable":true,"href":"https:\/\/isolbit.it\/web\/wp-json\/wp\/v2\/comments?post=321"}],"version-history":[{"count":39,"href":"https:\/\/isolbit.it\/web\/wp-json\/wp\/v2\/pages\/321\/revisions"}],"predecessor-version":[{"id":993,"href":"https:\/\/isolbit.it\/web\/wp-json\/wp\/v2\/pages\/321\/revisions\/993"}],"wp:featuredmedia":[{"embeddable":true,"href":"https:\/\/isolbit.it\/web\/wp-json\/wp\/v2\/media\/55"}],"wp:attachment":[{"href":"https:\/\/isolbit.it\/web\/wp-json\/wp\/v2\/media?parent=321"}],"curies":[{"name":"wp","href":"https:\/\/api.w.org\/{rel}","templated":true}]}}