{"id":480,"date":"2017-10-26T10:18:32","date_gmt":"2017-10-26T10:18:32","guid":{"rendered":"https:\/\/isolbit.it\/web\/?page_id=480"},"modified":"2017-10-26T10:26:39","modified_gmt":"2017-10-26T10:26:39","slug":"macinati-plastici","status":"publish","type":"page","link":"https:\/\/isolbit.it\/web\/macinati-plastici\/","title":{"rendered":"Macinati plastici"},"content":{"rendered":"<p><div class=\"fusion-fullwidth fullwidth-box fusion-builder-row-1 nonhundred-percent-fullwidth non-hundred-percent-height-scrolling\" style=\"background-color: rgba(255,255,255,0);background-position: center center;background-repeat: no-repeat;padding-top:0px;padding-right:0px;padding-bottom:0px;padding-left:0px;margin-bottom: 0px;margin-top: 0px;border-width: 0px 0px 0px 0px;border-color:#eae9e9;border-style:solid;\" ><div class=\"fusion-builder-row fusion-row\"><div class=\"fusion-layout-column fusion_builder_column fusion-builder-column-0 fusion_builder_column_1_1 1_1 fusion-one-full fusion-column-first fusion-column-last\" style=\"margin-top:0px;margin-bottom:0px;\"><div class=\"fusion-column-wrapper fusion-flex-column-wrapper-legacy\" style=\"background-position:left top;background-repeat:no-repeat;-webkit-background-size:cover;-moz-background-size:cover;-o-background-size:cover;background-size:cover;padding: 0px 0px 0px 0px;\"><div class=\"fusion-text fusion-text-1\" style=\"transform:translate3d(0,0,0);\"><div class=\"page\" title=\"Page 5\">\n<div class=\"section\">\n<div class=\"layoutArea\">\n<div class=\"column\">\n<p>I <strong>macinati plastici<\/strong> si ottengono da un processo di trattamento successivo al recupero. Gli scarti di plastica industriale vengono recuperati e dopo essere stati selezionati vengono triturati e macinati per essere stoccati in sacconi Big Bags.\u00a0I macinati plastici vengono utilizzati nell\u2019industria manifatturiera per realizzare prodotti e componenti di ogni genere.<\/p>\n<\/div>\n<\/div>\n<\/div>\n<\/div>\n<\/div><div class=\"fusion-sep-clear\"><\/div><div class=\"fusion-separator fusion-full-width-sep\" style=\"margin-left: auto;margin-right: auto;margin-top:20px;margin-bottom:50px;width:100%;\"><div class=\"fusion-separator-border sep-single sep-solid\" style=\"border-color:#e0dede;border-top-width:1px;\"><\/div><\/div><div class=\"fusion-sep-clear\"><\/div><div class=\"fusion-clearfix\"><\/div><\/div><\/div><\/div><\/div><div class=\"fusion-fullwidth fullwidth-box fusion-builder-row-2 hundred-percent-fullwidth non-hundred-percent-height-scrolling\" style=\"background-color: rgba(255,255,255,0);background-position: center center;background-repeat: no-repeat;padding-top:0px;padding-right:0px;padding-bottom:0px;padding-left:0px;margin-bottom: 0px;margin-top: 0px;border-width: 0px 0px 0px 0px;border-color:#eae9e9;border-style:solid;\" ><div class=\"fusion-builder-row fusion-row\"><div class=\"fusion-layout-column fusion_builder_column fusion-builder-column-1 fusion_builder_column_1_1 1_1 fusion-one-full fusion-column-first fusion-column-last fusion-column-no-min-height\" style=\"margin-top:0px;margin-bottom:0px;\"><div class=\"fusion-column-wrapper fusion-flex-column-wrapper-legacy\" style=\"background-position:left top;background-repeat:no-repeat;-webkit-background-size:cover;-moz-background-size:cover;-o-background-size:cover;background-size:cover;padding: 0px 0px 0px 0px;\"><style type=\"text\/css\">.fusion-portfolio-wrapper#fusion-portfolio-1 .fusion-portfolio-content{  text-align: left; }<\/style><div class=\"fusion-recent-works fusion-portfolio-element fusion-portfolio fusion-portfolio-1 fusion-portfolio-grid fusion-portfolio-paging-pagination fusion-portfolio-three fusion-portfolio-unboxed fusion-portfolio-text fusion-portfolio-rollover\" data-id=\"-rw-1\" data-columns=\"three\"><style type=\"text\/css\">.fusion-portfolio-1 .fusion-portfolio-wrapper .fusion-col-spacing{padding:6px;}<\/style><div class=\"fusion-portfolio-wrapper\" id=\"fusion-portfolio-1\" data-picturesize=\"fixed\" data-pages=\"1\" style=\"margin:-6px;\"><article id=\"portfolio-1-post-379\" class=\"fusion-portfolio-post macinati-plastici fusion-col-spacing post-379\"><div class=\"fusion-portfolio-content-wrapper\" style=\"border:none;\"><span class=\"vcard rich-snippet-hidden\"><span class=\"fn\"><a href=\"https:\/\/isolbit.it\/web\/author\/andrea\/\" title=\"Articoli scritti da andrea\" rel=\"author\">andrea<\/a><\/span><\/span><span class=\"updated rich-snippet-hidden\">2017-10-27T10:00:10+00:00<\/span>\n\n<div  class=\"fusion-image-wrapper fusion-image-size-fixed\" aria-haspopup=\"true\">\n\t\n\t\n\t\n\t\t\n\t\t\t\t\t<img width=\"300\" height=\"214\" src=\"https:\/\/isolbit.it\/web\/wp-content\/uploads\/2017\/10\/Macinati-plastici-HDPE-per-soffiaggio-300x214.jpg\" class=\"attachment-portfolio-three size-portfolio-three wp-post-image\" alt=\"\" decoding=\"async\" \/>\n\t\n\n\t\t<div class=\"fusion-rollover\">\n\t<div class=\"fusion-rollover-content\">\n\n\t\t\t\t\t\t\t\t\t\t\t\t\t\t<a class=\"fusion-rollover-link\" href=\"https:\/\/isolbit.it\/web\/portfolio-items\/macinati-hdpe-polietilene-ad-alta-densita-per-soffiaggio\/?portfolioCats=4\">Macinati di HDPE (polietilene ad alta densit\u00e0) per soffiaggio<\/a>\n\t\t\t\n\t\t\t\t\t\t\t\t\t\t\t\t\t\t\n\t\t\t\t\t\t\t\t\n\t\t\t\t\t\t\t\t\t\t\t\t\t<div class=\"fusion-rollover-sep\"><\/div>\n\t\t\t\t\n\t\t\t\t\t\t\t\t\t\t\t\t\t\t\t\t\t\t<a class=\"fusion-rollover-gallery\" href=\"https:\/\/isolbit.it\/web\/wp-content\/uploads\/2017\/10\/Macinati-plastici-HDPE-per-soffiaggio.jpg\" data-id=\"379\" data-rel=\"iLightbox[gallery-rw-1]\" data-title=\"Macinati-plastici-HDPE-per-soffiaggio\" data-caption=\"\">\n\t\t\t\t\t\tGallery\t\t\t\t\t<\/a>\n\t\t\t\t\t\t\t\t\t\t\t\t\t\t\n\t\t\t\t\n\t\t\t\t\t\t\t\t\t\t\t\t<h4 class=\"fusion-rollover-title\">\n\t\t\t\t\t<a class=\"fusion-rollover-title-link\" href=\"https:\/\/isolbit.it\/web\/portfolio-items\/macinati-hdpe-polietilene-ad-alta-densita-per-soffiaggio\/?portfolioCats=4\">\n\t\t\t\t\t\tMacinati di HDPE (polietilene ad alta densit\u00e0) per soffiaggio\t\t\t\t\t<\/a>\n\t\t\t\t<\/h4>\n\t\t\t\n\t\t\t\t\t\t\t\t\t\t\t\t\t\t<div class=\"fusion-rollover-categories\"><a href=\"https:\/\/isolbit.it\/web\/portfolio_category\/macinati-plastici\/\" rel=\"tag\">Macinati plastici<\/a><\/div>\t\t\t\t\t\n\t\t\n\t\t\t\t<a class=\"fusion-link-wrapper\" href=\"https:\/\/isolbit.it\/web\/portfolio-items\/macinati-hdpe-polietilene-ad-alta-densita-per-soffiaggio\/?portfolioCats=4\" aria-label=\"Macinati di HDPE (polietilene ad alta densit\u00e0) per soffiaggio\"><\/a>\n\t<\/div>\n<\/div>\n\n\t\n<\/div>\n<div class=\"fusion-portfolio-content\"><h2 class=\"entry-title fusion-post-title\"><a href=\"https:\/\/isolbit.it\/web\/portfolio-items\/macinati-hdpe-polietilene-ad-alta-densita-per-soffiaggio\/?portfolioCats=4\">Macinati di HDPE (polietilene ad alta densit\u00e0) per soffiaggio<\/a><\/h2><div class=\"fusion-portfolio-meta\"><a href=\"https:\/\/isolbit.it\/web\/portfolio_category\/macinati-plastici\/\" rel=\"tag\">Macinati plastici<\/a><\/div><div class=\"fusion-post-content\"><p> L'HDPE (polietilene ad alta densit\u00e0) resiste a molti solventi e ha una grande variet\u00e0 di applicazioni. Il suo utilizzo interessa i settori industriali pi\u00f9 svariati, dall\u2019arredamento all\u2019industria dei giocattoli, fino ai cavi per le telecomunicazioni. Le bottiglie per il\u00a0latte e altri oggetti cavi realizzati attraverso il blow molding sono la pi\u00f9 importante area applicativa [...]<\/p><\/div><\/div><\/div><\/article><article id=\"portfolio-1-post-384\" class=\"fusion-portfolio-post macinati-plastici fusion-col-spacing post-384\"><div class=\"fusion-portfolio-content-wrapper\" style=\"border:none;\"><span class=\"vcard rich-snippet-hidden\"><span class=\"fn\"><a href=\"https:\/\/isolbit.it\/web\/author\/andrea\/\" title=\"Articoli scritti da andrea\" rel=\"author\">andrea<\/a><\/span><\/span><span class=\"updated rich-snippet-hidden\">2017-12-31T14:55:03+00:00<\/span>\n\n<div  class=\"fusion-image-wrapper fusion-image-size-fixed\" aria-haspopup=\"true\">\n\t\n\t\n\t\n\t\t\n\t\t\t\t\t<img width=\"300\" height=\"214\" src=\"https:\/\/isolbit.it\/web\/wp-content\/uploads\/2017\/10\/macinati-plastici-HDPE-per-stampaggio-300x214.jpg\" class=\"attachment-portfolio-three size-portfolio-three wp-post-image\" alt=\"\" decoding=\"async\" \/>\n\t\n\n\t\t<div class=\"fusion-rollover\">\n\t<div class=\"fusion-rollover-content\">\n\n\t\t\t\t\t\t\t\t\t\t\t\t\t\t<a class=\"fusion-rollover-link\" href=\"https:\/\/isolbit.it\/web\/portfolio-items\/macinati-di-hdpe-polietilene-ad-alta-densita-per-stampaggio\/?portfolioCats=4\">Macinati di HDPE (polietilene ad alta densit\u00e0) per stampaggio<\/a>\n\t\t\t\n\t\t\t\t\t\t\t\t\t\t\t\t\t\t\n\t\t\t\t\t\t\t\t\n\t\t\t\t\t\t\t\t\t\t\t\t\t<div class=\"fusion-rollover-sep\"><\/div>\n\t\t\t\t\n\t\t\t\t\t\t\t\t\t\t\t\t\t\t\t\t\t\t<a class=\"fusion-rollover-gallery\" href=\"https:\/\/isolbit.it\/web\/wp-content\/uploads\/2017\/10\/macinati-plastici-HDPE-per-stampaggio.jpg\" data-id=\"384\" data-rel=\"iLightbox[gallery-rw-1]\" data-title=\"macinati-plastici-HDPE-per-stampaggio\" data-caption=\"\">\n\t\t\t\t\t\tGallery\t\t\t\t\t<\/a>\n\t\t\t\t\t\t\t\t\t\t\t\t\t\t\n\t\t\t\t\n\t\t\t\t\t\t\t\t\t\t\t\t<h4 class=\"fusion-rollover-title\">\n\t\t\t\t\t<a class=\"fusion-rollover-title-link\" href=\"https:\/\/isolbit.it\/web\/portfolio-items\/macinati-di-hdpe-polietilene-ad-alta-densita-per-stampaggio\/?portfolioCats=4\">\n\t\t\t\t\t\tMacinati di HDPE (polietilene ad alta densit\u00e0) per stampaggio\t\t\t\t\t<\/a>\n\t\t\t\t<\/h4>\n\t\t\t\n\t\t\t\t\t\t\t\t\t\t\t\t\t\t<div class=\"fusion-rollover-categories\"><a href=\"https:\/\/isolbit.it\/web\/portfolio_category\/macinati-plastici\/\" rel=\"tag\">Macinati plastici<\/a><\/div>\t\t\t\t\t\n\t\t\n\t\t\t\t<a class=\"fusion-link-wrapper\" href=\"https:\/\/isolbit.it\/web\/portfolio-items\/macinati-di-hdpe-polietilene-ad-alta-densita-per-stampaggio\/?portfolioCats=4\" aria-label=\"Macinati di HDPE (polietilene ad alta densit\u00e0) per stampaggio\"><\/a>\n\t<\/div>\n<\/div>\n\n\t\n<\/div>\n<div class=\"fusion-portfolio-content\"><h2 class=\"entry-title fusion-post-title\"><a href=\"https:\/\/isolbit.it\/web\/portfolio-items\/macinati-di-hdpe-polietilene-ad-alta-densita-per-stampaggio\/?portfolioCats=4\">Macinati di HDPE (polietilene ad alta densit\u00e0) per stampaggio<\/a><\/h2><div class=\"fusion-portfolio-meta\"><a href=\"https:\/\/isolbit.it\/web\/portfolio_category\/macinati-plastici\/\" rel=\"tag\">Macinati plastici<\/a><\/div><div class=\"fusion-post-content\"><p> L'HDPE (polietilene ad alta densit\u00e0) resiste a molti solventi e ha una grande variet\u00e0 di applicazioni. Il suo utilizzo interessa i settori industriali pi\u00f9 svariati, dall\u2019arredamento all\u2019industria dei giocattoli, fino ai cavi per le telecomunicazioni. Le bottiglie per il\u00a0latte e altri oggetti cavi realizzati attraverso il blow molding sono la pi\u00f9 importante area applicativa [...]<\/p><\/div><\/div><\/div><\/article><article id=\"portfolio-1-post-292\" class=\"fusion-portfolio-post macinati-plastici fusion-col-spacing post-292\"><div class=\"fusion-portfolio-content-wrapper\" style=\"border:none;\"><span class=\"vcard rich-snippet-hidden\"><span class=\"fn\"><a href=\"https:\/\/isolbit.it\/web\/author\/andrea\/\" title=\"Articoli scritti da andrea\" rel=\"author\">andrea<\/a><\/span><\/span><span class=\"updated rich-snippet-hidden\">2017-10-27T10:00:24+00:00<\/span>\n\n<div  class=\"fusion-image-wrapper fusion-image-size-fixed\" aria-haspopup=\"true\">\n\t\n\t\n\t\n\t\t\n\t\t\t\t\t<img width=\"300\" height=\"214\" src=\"https:\/\/isolbit.it\/web\/wp-content\/uploads\/2017\/10\/Macinati-plastici-PP-300x214.jpg\" class=\"attachment-portfolio-three size-portfolio-three wp-post-image\" alt=\"\" decoding=\"async\" \/>\n\t\n\n\t\t<div class=\"fusion-rollover\">\n\t<div class=\"fusion-rollover-content\">\n\n\t\t\t\t\t\t\t\t\t\t\t\t\t\t<a class=\"fusion-rollover-link\" href=\"https:\/\/isolbit.it\/web\/portfolio-items\/macinati-di-pp-polipropilene\/?portfolioCats=4\">Macinati di PP (polipropilene)<\/a>\n\t\t\t\n\t\t\t\t\t\t\t\t\t\t\t\t\t\t\n\t\t\t\t\t\t\t\t\n\t\t\t\t\t\t\t\t\t\t\t\t\t<div class=\"fusion-rollover-sep\"><\/div>\n\t\t\t\t\n\t\t\t\t\t\t\t\t\t\t\t\t\t\t\t\t\t\t<a class=\"fusion-rollover-gallery\" href=\"https:\/\/isolbit.it\/web\/wp-content\/uploads\/2017\/10\/Macinati-plastici-PP.jpg\" data-id=\"292\" data-rel=\"iLightbox[gallery-rw-1]\" data-title=\"Macinati-plastici-PP\" data-caption=\"\">\n\t\t\t\t\t\tGallery\t\t\t\t\t<\/a>\n\t\t\t\t\t\t\t\t\t\t\t\t\t\t\n\t\t\t\t\n\t\t\t\t\t\t\t\t\t\t\t\t<h4 class=\"fusion-rollover-title\">\n\t\t\t\t\t<a class=\"fusion-rollover-title-link\" href=\"https:\/\/isolbit.it\/web\/portfolio-items\/macinati-di-pp-polipropilene\/?portfolioCats=4\">\n\t\t\t\t\t\tMacinati di PP (polipropilene)\t\t\t\t\t<\/a>\n\t\t\t\t<\/h4>\n\t\t\t\n\t\t\t\t\t\t\t\t\t\t\t\t\t\t<div class=\"fusion-rollover-categories\"><a href=\"https:\/\/isolbit.it\/web\/portfolio_category\/macinati-plastici\/\" rel=\"tag\">Macinati plastici<\/a><\/div>\t\t\t\t\t\n\t\t\n\t\t\t\t<a class=\"fusion-link-wrapper\" href=\"https:\/\/isolbit.it\/web\/portfolio-items\/macinati-di-pp-polipropilene\/?portfolioCats=4\" aria-label=\"Macinati di PP (polipropilene)\"><\/a>\n\t<\/div>\n<\/div>\n\n\t\n<\/div>\n<div class=\"fusion-portfolio-content\"><h2 class=\"entry-title fusion-post-title\"><a href=\"https:\/\/isolbit.it\/web\/portfolio-items\/macinati-di-pp-polipropilene\/?portfolioCats=4\">Macinati di PP (polipropilene)<\/a><\/h2><div class=\"fusion-portfolio-meta\"><a href=\"https:\/\/isolbit.it\/web\/portfolio_category\/macinati-plastici\/\" rel=\"tag\">Macinati plastici<\/a><\/div><div class=\"fusion-post-content\"><p> Il polipropilene \u00e8\u00a0un polimero termoplastico\u00a0che\u00a0ha\u00a0un'enorme variet\u00e0 di usi ed \u00e8 contraddistinto da\u00a0una\u00a0estrema versatilit\u00e0. \u00c8 caratterizzato da una forte resistenza e da un levato carico di rottura e ci\u00f2\u00a0gli\u00a0permette\u00a0di sopportare forti pressioni prima di arrivare a un cedimento strutturale; inoltre ha una bassa densit\u00e0 e una buona resistenza termica all'abrasione. Il polipropilene ha conosciuto un [...]<\/p><\/div><\/div><\/div><\/article><\/div><\/div><div class=\"fusion-clearfix\"><\/div><\/div><\/div><\/div><style type=\"text\/css\">.fusion-fullwidth.fusion-builder-row-2 { overflow:visible; }<\/style><\/div><\/p>\n","protected":false},"excerpt":{"rendered":"","protected":false},"author":1,"featured_media":0,"parent":0,"menu_order":0,"comment_status":"open","ping_status":"open","template":"","meta":{"footnotes":""},"_links":{"self":[{"href":"https:\/\/isolbit.it\/web\/wp-json\/wp\/v2\/pages\/480"}],"collection":[{"href":"https:\/\/isolbit.it\/web\/wp-json\/wp\/v2\/pages"}],"about":[{"href":"https:\/\/isolbit.it\/web\/wp-json\/wp\/v2\/types\/page"}],"author":[{"embeddable":true,"href":"https:\/\/isolbit.it\/web\/wp-json\/wp\/v2\/users\/1"}],"replies":[{"embeddable":true,"href":"https:\/\/isolbit.it\/web\/wp-json\/wp\/v2\/comments?post=480"}],"version-history":[{"count":1,"href":"https:\/\/isolbit.it\/web\/wp-json\/wp\/v2\/pages\/480\/revisions"}],"predecessor-version":[{"id":481,"href":"https:\/\/isolbit.it\/web\/wp-json\/wp\/v2\/pages\/480\/revisions\/481"}],"wp:attachment":[{"href":"https:\/\/isolbit.it\/web\/wp-json\/wp\/v2\/media?parent=480"}],"curies":[{"name":"wp","href":"https:\/\/api.w.org\/{rel}","templated":true}]}}